{"id":3026,"date":"2025-10-16T14:46:34","date_gmt":"2025-10-16T12:46:34","guid":{"rendered":"https:\/\/angelicavelazco.com\/informativa-sui-cookie\/"},"modified":"2025-10-17T17:21:48","modified_gmt":"2025-10-17T15:21:48","slug":"politica-de-cookies","status":"publish","type":"page","link":"https:\/\/cdn.angelicavelazco.com\/es\/politica-de-cookies\/","title":{"rendered":"Pol\u00edtica de Cookies"},"content":{"rendered":"<p><!-- Start CookieYes cookie policy --><\/p>\n<style>\n  a.cky-banner-element {<br \/>\n    padding: 8px 30px;<br \/>\n    background: #f8f9fa;<br \/>\n    color: #858a8f;<br \/>\n    border: 1px solid #dee2e6;<br \/>\n    box-sizing: border-box;<br \/>\n    border-radius: 2px;<br \/>\n    cursor: pointer<br \/>\n  }<br \/>\n<\/style>\n<div class=\"cookie-policy-date-container\">Fecha de entrada en vigor: 16 de octubre de 2025<br \/>\n\u00daltima actualizaci\u00f3n: 16 de octubre de 2025<\/div>\n<p>&nbsp;<\/p>\n<h2>\u00bfQu\u00e9 son las cookies?<\/h2>\n<div class=\"cookie-policy-p\">Esta Pol\u00edtica de Cookies explica qu\u00e9 son las cookies, c\u00f3mo las utilizamos, los tipos de cookies que empleamos (es decir, la informaci\u00f3n que recopilamos mediante cookies y c\u00f3mo se utiliza esa informaci\u00f3n), y c\u00f3mo gestionar la configuraci\u00f3n de sus cookies.<br \/>\nLas cookies son peque\u00f1os archivos de texto que se utilizan para almacenar peque\u00f1as porciones de informaci\u00f3n. Se almacenan en su dispositivo cuando un sitio web se carga en su navegador. Estas cookies ayudan a garantizar que el sitio web funcione correctamente, mejoran la seguridad, proporcionan una mejor experiencia de usuario y analizan el rendimiento para identificar qu\u00e9 funciona y d\u00f3nde se necesitan mejoras.<\/div>\n<p>&nbsp;<\/p>\n<h2>\u00bfC\u00f3mo utilizamos las cookies?<\/h2>\n<div class=\"cookie-policy-p\">Como la mayor\u00eda de los servicios en l\u00ednea, nuestro sitio web utiliza tanto cookies propias como de terceros para diversos fines. Las cookies propias son principalmente necesarias para que el sitio web funcione correctamente y no recopilan ning\u00fan dato de identificaci\u00f3n personal.<br \/>\nLas cookies de terceros utilizadas en nuestro sitio web principalmente nos ayudan a comprender c\u00f3mo funciona el sitio web, realizar un seguimiento de c\u00f3mo interact\u00faa con \u00e9l, mantener nuestros servicios seguros, ofrecer publicidad relevante y mejorar su experiencia general de usuario mientras mejoramos la velocidad de sus futuras interacciones con nuestro sitio web.<\/div>\n<p>&nbsp;<\/p>\n<h2>Tipos de cookies que utilizamos<\/h2>\n<div class=\"cky-audit-table-element\"><\/div>\n<p>&nbsp;<\/p>\n<h2 style=\"margin-bottom: 20px;\">Gestionar preferencias de cookies<\/h2>\n<p><a class=\"cky-banner-element\">Preferencias de Consentimiento<\/a><\/p>\n<div>Puede modificar la configuraci\u00f3n de sus cookies en cualquier momento haciendo clic en el bot\u00f3n \u00abPreferencias de Consentimiento\u00bb anterior. Esto le permitir\u00e1 volver a visitar el banner de consentimiento de cookies y actualizar sus preferencias o retirar su consentimiento inmediatamente.<br \/>\nAdem\u00e1s, los diferentes navegadores ofrecen diversos m\u00e9todos para bloquear y eliminar las cookies utilizadas por los sitios web. Puede ajustar la configuraci\u00f3n de su navegador para bloquear o eliminar cookies. A continuaci\u00f3n se encuentran los enlaces a los documentos de soporte sobre c\u00f3mo gestionar y eliminar cookies en los principales navegadores web.<br \/>\nChrome: <a href=\"https:\/\/support.google.com\/accounts\/answer\/32050\" target=\"_blank\" rel=\"noopener noreferrer\">https:\/\/support.google.com\/accounts\/answer\/32050<\/a><br \/>\nSafari: <a href=\"https:\/\/support.apple.com\/en-in\/guide\/safari\/sfri11471\/mac\" target=\"_blank\" rel=\"noopener noreferrer\">https:\/\/support.apple.com\/en-in\/guide\/safari\/sfri11471\/mac<\/a><br \/>\nFirefox: <a href=\"https:\/\/support.mozilla.org\/en-US\/kb\/clear-cookies-and-site-data-firefox?redirectslug=delete-cookies-remove-info-websites-stored&amp;redirectlocale=en-US\" target=\"_blank\" rel=\"noopener noreferrer\">https:\/\/support.mozilla.org\/en-US\/kb\/clear-cookies-and-site-data-firefox?redirectslug=delete-cookies-remove-info-websites-stored&amp;redirectlocale=en-US<\/a><br \/>\nInternet Explorer: <a href=\"https:\/\/support.microsoft.com\/en-us\/topic\/how-to-delete-cookie-files-in-internet-explorer-bca9446f-d873-78de-77ba-d42645fa52fc\" target=\"_blank\" rel=\"noopener noreferrer\">https:\/\/support.microsoft.com\/en-us\/topic\/how-to-delete-cookie-files-in-internet-explorer-bca9446f-d873-78de-77ba-d42645fa52fc<\/a><br \/>\nSi est\u00e1 utilizando un navegador web diferente, consulte su documentaci\u00f3n oficial de soporte.<\/div>\n<p><!-- End CookieYes cookie policy --><\/p>\n","protected":false},"excerpt":{"rendered":"<p>Fecha de entrada en vigor: 16 de octubre de 2025 \u00daltima actualizaci\u00f3n: 16 de octubre de 2025 &nbsp; \u00bfQu\u00e9 son las cookies? Esta Pol\u00edtica de Cookies explica qu\u00e9 son las cookies, c\u00f3mo las utilizamos, los tipos de cookies que empleamos (es decir, la informaci\u00f3n que recopilamos mediante cookies y c\u00f3mo se utiliza esa informaci\u00f3n), y [&hellip;]<\/p>\n","protected":false},"author":2,"featured_media":0,"parent":0,"menu_order":0,"comment_status":"closed","ping_status":"closed","template":"","meta":{"_acf_changed":false,"inline_featured_image":false,"footnotes":""},"class_list":["post-3026","page","type-page","status-publish","hentry"],"acf":[],"yoast_head":"<!-- This site is optimized with the Yoast SEO plugin v27.3 - https:\/\/yoast.com\/product\/yoast-seo-wordpress\/ -->\n<title>Pol\u00edtica de Cookies<\/title>\n<meta name=\"description\" content=\"Esta Pol\u00edtica de Cookies explica qu\u00e9 son las cookies, c\u00f3mo las utilizamos, los tipos de cookies que empleamos\" \/>\n<meta name=\"robots\" content=\"index, follow, max-snippet:-1, max-image-preview:large, max-video-preview:-1\" \/>\n<link rel=\"canonical\" href=\"https:\/\/cdn.angelicavelazco.com\/es\/politica-de-cookies\/\" \/>\n<meta property=\"og:locale\" content=\"es_ES\" \/>\n<meta property=\"og:type\" content=\"article\" \/>\n<meta property=\"og:title\" content=\"Pol\u00edtica de Cookies\" \/>\n<meta property=\"og:description\" content=\"Esta Pol\u00edtica de Cookies explica qu\u00e9 son las cookies, c\u00f3mo las utilizamos, los tipos de cookies que empleamos\" \/>\n<meta property=\"og:url\" content=\"https:\/\/cdn.angelicavelazco.com\/es\/politica-de-cookies\/\" \/>\n<meta property=\"og:site_name\" content=\"Angelica Velazco\" \/>\n<meta property=\"article:modified_time\" content=\"2025-10-17T15:21:48+00:00\" \/>\n<meta property=\"og:image\" content=\"https:\/\/cdn.angelicavelazco.com\/wp-content\/uploads\/2025\/04\/bannerimg01av.png\" \/>\n\t<meta property=\"og:image:width\" content=\"1920\" \/>\n\t<meta property=\"og:image:height\" content=\"1080\" \/>\n\t<meta property=\"og:image:type\" content=\"image\/png\" \/>\n<meta name=\"twitter:card\" content=\"summary_large_image\" \/>\n<meta name=\"twitter:label1\" content=\"Tiempo de lectura\" \/>\n\t<meta name=\"twitter:data1\" content=\"2 minutos\" \/>\n<script type=\"application\/ld+json\" class=\"yoast-schema-graph\">{\"@context\":\"https:\\\/\\\/schema.org\",\"@graph\":[{\"@type\":\"WebPage\",\"@id\":\"https:\\\/\\\/cdn.angelicavelazco.com\\\/es\\\/politica-de-cookies\\\/\",\"url\":\"https:\\\/\\\/cdn.angelicavelazco.com\\\/es\\\/politica-de-cookies\\\/\",\"name\":\"Pol\u00edtica de Cookies\",\"isPartOf\":{\"@id\":\"https:\\\/\\\/www.angelicavelazco.com\\\/#website\"},\"datePublished\":\"2025-10-16T12:46:34+00:00\",\"dateModified\":\"2025-10-17T15:21:48+00:00\",\"description\":\"Esta Pol\u00edtica de Cookies explica qu\u00e9 son las cookies, c\u00f3mo las utilizamos, los tipos de cookies que empleamos\",\"breadcrumb\":{\"@id\":\"https:\\\/\\\/cdn.angelicavelazco.com\\\/es\\\/politica-de-cookies\\\/#breadcrumb\"},\"inLanguage\":\"es\",\"potentialAction\":[{\"@type\":\"ReadAction\",\"target\":[\"https:\\\/\\\/cdn.angelicavelazco.com\\\/es\\\/politica-de-cookies\\\/\"]}]},{\"@type\":\"BreadcrumbList\",\"@id\":\"https:\\\/\\\/cdn.angelicavelazco.com\\\/es\\\/politica-de-cookies\\\/#breadcrumb\",\"itemListElement\":[{\"@type\":\"ListItem\",\"position\":1,\"name\":\"Home\",\"item\":\"https:\\\/\\\/angelicavelazco.com\\\/es\\\/\"},{\"@type\":\"ListItem\",\"position\":2,\"name\":\"Pol\u00edtica de Cookies\"}]},{\"@type\":\"WebSite\",\"@id\":\"https:\\\/\\\/www.angelicavelazco.com\\\/#website\",\"url\":\"https:\\\/\\\/www.angelicavelazco.com\\\/\",\"name\":\"Angelica Velazco\",\"description\":\"Servicios de Traducci\u00f3n e Interpretaci\u00f3n\",\"publisher\":{\"@id\":\"https:\\\/\\\/www.angelicavelazco.com\\\/#\\\/schema\\\/person\\\/38938315f48abd5f24602f28f0d79976\"},\"potentialAction\":[{\"@type\":\"SearchAction\",\"target\":{\"@type\":\"EntryPoint\",\"urlTemplate\":\"https:\\\/\\\/www.angelicavelazco.com\\\/?s={search_term_string}\"},\"query-input\":{\"@type\":\"PropertyValueSpecification\",\"valueRequired\":true,\"valueName\":\"search_term_string\"}}],\"inLanguage\":\"es\"},{\"@type\":[\"Person\",\"Organization\"],\"@id\":\"https:\\\/\\\/www.angelicavelazco.com\\\/#\\\/schema\\\/person\\\/38938315f48abd5f24602f28f0d79976\",\"name\":\"Admin Ang\u00e9lica Velazco\",\"image\":{\"@type\":\"ImageObject\",\"inLanguage\":\"es\",\"@id\":\"https:\\\/\\\/100.25.52.89\\\/wp-content\\\/uploads\\\/2025\\\/04\\\/angelica-velazco-logo-dark.png\",\"url\":\"https:\\\/\\\/100.25.52.89\\\/wp-content\\\/uploads\\\/2025\\\/04\\\/angelica-velazco-logo-dark.png\",\"contentUrl\":\"https:\\\/\\\/100.25.52.89\\\/wp-content\\\/uploads\\\/2025\\\/04\\\/angelica-velazco-logo-dark.png\",\"width\":160,\"height\":160,\"caption\":\"Admin Ang\u00e9lica Velazco\"},\"logo\":{\"@id\":\"https:\\\/\\\/100.25.52.89\\\/wp-content\\\/uploads\\\/2025\\\/04\\\/angelica-velazco-logo-dark.png\"}}]}<\/script>\n<!-- \/ Yoast SEO plugin. -->","yoast_head_json":{"title":"Pol\u00edtica de Cookies","description":"Esta Pol\u00edtica de Cookies explica qu\u00e9 son las cookies, c\u00f3mo las utilizamos, los tipos de cookies que empleamos","robots":{"index":"index","follow":"follow","max-snippet":"max-snippet:-1","max-image-preview":"max-image-preview:large","max-video-preview":"max-video-preview:-1"},"canonical":"https:\/\/cdn.angelicavelazco.com\/es\/politica-de-cookies\/","og_locale":"es_ES","og_type":"article","og_title":"Pol\u00edtica de Cookies","og_description":"Esta Pol\u00edtica de Cookies explica qu\u00e9 son las cookies, c\u00f3mo las utilizamos, los tipos de cookies que empleamos","og_url":"https:\/\/cdn.angelicavelazco.com\/es\/politica-de-cookies\/","og_site_name":"Angelica Velazco","article_modified_time":"2025-10-17T15:21:48+00:00","og_image":[{"width":1920,"height":1080,"url":"https:\/\/cdn.angelicavelazco.com\/wp-content\/uploads\/2025\/04\/bannerimg01av.png","type":"image\/png"}],"twitter_card":"summary_large_image","twitter_misc":{"Tiempo de lectura":"2 minutos"},"schema":{"@context":"https:\/\/schema.org","@graph":[{"@type":"WebPage","@id":"https:\/\/cdn.angelicavelazco.com\/es\/politica-de-cookies\/","url":"https:\/\/cdn.angelicavelazco.com\/es\/politica-de-cookies\/","name":"Pol\u00edtica de Cookies","isPartOf":{"@id":"https:\/\/www.angelicavelazco.com\/#website"},"datePublished":"2025-10-16T12:46:34+00:00","dateModified":"2025-10-17T15:21:48+00:00","description":"Esta Pol\u00edtica de Cookies explica qu\u00e9 son las cookies, c\u00f3mo las utilizamos, los tipos de cookies que empleamos","breadcrumb":{"@id":"https:\/\/cdn.angelicavelazco.com\/es\/politica-de-cookies\/#breadcrumb"},"inLanguage":"es","potentialAction":[{"@type":"ReadAction","target":["https:\/\/cdn.angelicavelazco.com\/es\/politica-de-cookies\/"]}]},{"@type":"BreadcrumbList","@id":"https:\/\/cdn.angelicavelazco.com\/es\/politica-de-cookies\/#breadcrumb","itemListElement":[{"@type":"ListItem","position":1,"name":"Home","item":"https:\/\/angelicavelazco.com\/es\/"},{"@type":"ListItem","position":2,"name":"Pol\u00edtica de Cookies"}]},{"@type":"WebSite","@id":"https:\/\/www.angelicavelazco.com\/#website","url":"https:\/\/www.angelicavelazco.com\/","name":"Angelica Velazco","description":"Servicios de Traducci\u00f3n e Interpretaci\u00f3n","publisher":{"@id":"https:\/\/www.angelicavelazco.com\/#\/schema\/person\/38938315f48abd5f24602f28f0d79976"},"potentialAction":[{"@type":"SearchAction","target":{"@type":"EntryPoint","urlTemplate":"https:\/\/www.angelicavelazco.com\/?s={search_term_string}"},"query-input":{"@type":"PropertyValueSpecification","valueRequired":true,"valueName":"search_term_string"}}],"inLanguage":"es"},{"@type":["Person","Organization"],"@id":"https:\/\/www.angelicavelazco.com\/#\/schema\/person\/38938315f48abd5f24602f28f0d79976","name":"Admin Ang\u00e9lica Velazco","image":{"@type":"ImageObject","inLanguage":"es","@id":"https:\/\/100.25.52.89\/wp-content\/uploads\/2025\/04\/angelica-velazco-logo-dark.png","url":"https:\/\/100.25.52.89\/wp-content\/uploads\/2025\/04\/angelica-velazco-logo-dark.png","contentUrl":"https:\/\/100.25.52.89\/wp-content\/uploads\/2025\/04\/angelica-velazco-logo-dark.png","width":160,"height":160,"caption":"Admin Ang\u00e9lica Velazco"},"logo":{"@id":"https:\/\/100.25.52.89\/wp-content\/uploads\/2025\/04\/angelica-velazco-logo-dark.png"}}]}},"_links":{"self":[{"href":"https:\/\/cdn.angelicavelazco.com\/es\/wp-json\/wp\/v2\/pages\/3026","targetHints":{"allow":["GET"]}}],"collection":[{"href":"https:\/\/cdn.angelicavelazco.com\/es\/wp-json\/wp\/v2\/pages"}],"about":[{"href":"https:\/\/cdn.angelicavelazco.com\/es\/wp-json\/wp\/v2\/types\/page"}],"author":[{"embeddable":true,"href":"https:\/\/cdn.angelicavelazco.com\/es\/wp-json\/wp\/v2\/users\/2"}],"replies":[{"embeddable":true,"href":"https:\/\/cdn.angelicavelazco.com\/es\/wp-json\/wp\/v2\/comments?post=3026"}],"version-history":[{"count":3,"href":"https:\/\/cdn.angelicavelazco.com\/es\/wp-json\/wp\/v2\/pages\/3026\/revisions"}],"predecessor-version":[{"id":3035,"href":"https:\/\/cdn.angelicavelazco.com\/es\/wp-json\/wp\/v2\/pages\/3026\/revisions\/3035"}],"wp:attachment":[{"href":"https:\/\/cdn.angelicavelazco.com\/es\/wp-json\/wp\/v2\/media?parent=3026"}],"curies":[{"name":"wp","href":"https:\/\/api.w.org\/{rel}","templated":true}]}}